{"id":2115,"date":"2014-06-04T20:41:25","date_gmt":"2014-06-04T20:41:25","guid":{"rendered":"http:\/\/theme.visualmodo.com\/ignition\/?page_id=2115"},"modified":"2021-09-02T22:08:10","modified_gmt":"2021-09-02T22:08:10","slug":"home","status":"publish","type":"page","link":"https:\/\/24-7.mx\/","title":{"rendered":"Inicio"},"content":{"rendered":"<section class=\"wpb-content-wrapper\"><p>[vc_row full_width=\u00bbstretch_row\u00bb css=\u00bb.vc_custom_1601654533542{background-color: #f5f5f5 !important;background-position: center !important;background-repeat: no-repeat !important;background-size: cover !important;}\u00bb el_id=\u00bbnosotros\u00bb][vc_column width=\u00bb1\/6&#8243;][\/vc_column][vc_column width=\u00bb2\/3&#8243;][vc_empty_space height=\u00bb50px\u00bb][vc_column_text css_animation=\u00bbnone\u00bb]<\/p>\n<h1 style=\"text-align: center; font-size: 3.5rem; line-height: 1.2em;\"><strong>\u00bfQui\u00e9nes Somos?<\/strong><\/h1>\n<p>[\/vc_column_text][vc_column_text css_animation=\u00bbnone\u00bb]<\/p>\n<p style=\"text-align: center; font-size: 1rem;\">Somos una empresa Mexicana, integrada por un grupo de Profesionales dedicada a <strong>SERVIR y ASESORAR<\/strong> a nuestros clientes 24\/7. Nos mueve la <strong>PASI\u00d3N<\/strong> por lo que hacemos y lo traducimos en <strong>CLIENTES SATISFECHOS<\/strong>. Tenemos Procesos Simplificados y una gama de servicios de primer nivel disponible con un solo Click<\/p>\n<p>[\/vc_column_text][vc_empty_space height=\u00bb50px\u00bb][vc_btn title=\u00bbSolicita tu Cotizaci\u00f3n\u00bb color=\u00bbprimary\u00bb align=\u00bbcenter\u00bb link=\u00bburl:https%3A%2F%2F24-7.mx%2F%23contacto\u00bb][\/vc_column][vc_column width=\u00bb1\/6&#8243;][\/vc_column][\/vc_row][vc_section full_width=\u00bbstretch_row\u00bb full_height=\u00bbyes\u00bb css=\u00bb.vc_custom_1601654544720{background-color: #ffffff !important;}\u00bb el_id=\u00bbservicios\u00bb][vc_row css=\u00bb.vc_custom_1478801018855{padding-top: 60px !important;padding-bottom: 60px !important;}\u00bb][vc_column width=\u00bb1\/6&#8243;][\/vc_column][vc_column width=\u00bb2\/3&#8243;][vc_column_text css_animation=\u00bbnone\u00bb]<\/p>\n<h1 style=\"text-align: center; font-size: 3.5rem; line-height: 1.2em;\"><strong>Nuestros Servicios<\/strong><\/h1>\n<h1 style=\"text-align: center; font-size: 2rem;\"><span style=\"color: #a6ce39;\">Meeting Planner<\/span><\/h1>\n<p style=\"text-align: center;\"><img loading=\"lazy\" decoding=\"async\" class=\"alignnone size-full wp-image-6198\" src=\"https:\/\/24-7.mx\/wp-content\/uploads\/2020\/09\/LOGO-CONSORCIO-24_7-copia.png\" alt=\"\" width=\"89\" height=\"89\" \/><\/p>\n<p>[\/vc_column_text][\/vc_column][vc_column width=\u00bb1\/6&#8243;][\/vc_column][\/vc_row][vc_row full_width=\u00bbstretch_row_content_no_spaces\u00bb][vc_column][ve_portfolio portfolio_layout=\u00bbmasonry-portfolio\u00bb portfolio_columns_count=\u00bb4clm\u00bb portfolio_sortable_mode=\u00bbno\u00bb portfolio_image_effect=\u00bbeffect-zoom\u00bb orderby=\u00bbmenu_order\u00bb css_animation=\u00bbnone\u00bb portfolio_post_number=\u00bb8&#8243; portfolio_categories=\u00bbcatering, reservaciones, convenciones, eventos\u00bb][\/vc_column][\/vc_row][\/vc_section][vc_section full_width=\u00bbstretch_row\u00bb content_placement=\u00bbmiddle\u00bb css_animation=\u00bbnone\u00bb css=\u00bb.vc_custom_1601493337669{padding-top: -25% !important;padding-bottom: -25% !important;background-color: #222328 !important;background-position: 0 0 !important;background-repeat: repeat !important;}\u00bb el_id=\u00bbfeatures\u00bb][vc_row][vc_column width=\u00bb1\/6&#8243;][\/vc_column][vc_column width=\u00bb2\/3&#8243;][vc_column_text css_animation=\u00bbnone\u00bb]<\/p>\n<h1 style=\"text-align: center; font-size: 3.5rem; line-height: 1.2em;\"><span style=\"color: #ffffff;\"><strong>Valores de la Empresa<\/strong><\/span><\/h1>\n<p>[\/vc_column_text][\/vc_column][vc_column width=\u00bb1\/6&#8243;][\/vc_column][\/vc_row][vc_row css=\u00bb.vc_custom_1511803822061{padding-top: 65px !important;padding-bottom: 15px !important;}\u00bb][vc_column width=\u00bb1\/3&#8243;]<div class=\"aio-icon-component    style_2\"><div id=\"Info-box-wrap-2927\" class=\"aio-icon-box top-icon\" style=\"\"  ><div class=\"aio-icon-top\"><div class=\"ult-just-icon-wrapper  \"><div class=\"align-icon\" style=\"text-align:center;\">\n<div class=\"aio-icon none \" data-animation=\"fadeInUp\" data-animation-delay=\"03\" style=\"color:#a6ce39;font-size:48px;display:inline-block;\">\n\t<i class=\"Defaults-slideshare\"><\/i>\n<\/div><\/div><\/div><\/div><div class=\"aio-icon-header\" ><h3 class=\"aio-icon-title ult-responsive\"  data-ultimate-target='#Info-box-wrap-2927 .aio-icon-title'  data-responsive-json-new='{\"font-size\":\"desktop:20px;\",\"line-height\":\"\"}'  style=\"color:#ffffff;\">Honestidad<\/h3><\/div> <!-- header --><\/div> <!-- aio-icon-box --><\/div> <!-- aio-icon-component -->[\/vc_column][vc_column width=\u00bb1\/3&#8243;]<div class=\"aio-icon-component    style_2\"><div id=\"Info-box-wrap-3881\" class=\"aio-icon-box top-icon\" style=\"\"  ><div class=\"aio-icon-top\"><div class=\"ult-just-icon-wrapper  \"><div class=\"align-icon\" style=\"text-align:center;\">\n<div class=\"aio-icon none \" data-animation=\"fadeInUp\" data-animation-delay=\"03\" style=\"color:#a6ce39;font-size:48px;display:inline-block;\">\n\t<i class=\"Defaults-check-square\"><\/i>\n<\/div><\/div><\/div><\/div><div class=\"aio-icon-header\" ><h3 class=\"aio-icon-title ult-responsive\"  data-ultimate-target='#Info-box-wrap-3881 .aio-icon-title'  data-responsive-json-new='{\"font-size\":\"desktop:20px;\",\"line-height\":\"\"}'  style=\"color:#ffffff;\">Calidad<\/h3><\/div> <!-- header --><\/div> <!-- aio-icon-box --><\/div> <!-- aio-icon-component -->[\/vc_column][vc_column width=\u00bb1\/3&#8243;]<div class=\"aio-icon-component    style_2\"><div id=\"Info-box-wrap-7666\" class=\"aio-icon-box top-icon\" style=\"\"  ><div class=\"aio-icon-top\"><div class=\"ult-just-icon-wrapper  \"><div class=\"align-icon\" style=\"text-align:center;\">\n<div class=\"aio-icon none \" data-animation=\"fadeInUp\" data-animation-delay=\"03\" style=\"color:#a6ce39;font-size:48px;display:inline-block;\">\n\t<i class=\"Defaults-group users\"><\/i>\n<\/div><\/div><\/div><\/div><div class=\"aio-icon-header\" ><h3 class=\"aio-icon-title ult-responsive\"  data-ultimate-target='#Info-box-wrap-7666 .aio-icon-title'  data-responsive-json-new='{\"font-size\":\"desktop:20px;\",\"line-height\":\"\"}'  style=\"color:#ffffff;\">Competitividad con Orientaci\u00f3n al Cliente<\/h3><\/div> <!-- header --><\/div> <!-- aio-icon-box --><\/div> <!-- aio-icon-component -->[\/vc_column][\/vc_row][vc_row][vc_column][vc_column_text css_animation=\u00bbnone\u00bb]<\/p>\n<h1 style=\"text-align: center; font-size: 3.5rem; line-height: 1.2em;\"><span style=\"color: #ffffff;\"><strong>Compromiso con el Cliente<\/strong><\/span><\/h1>\n<p>[\/vc_column_text][\/vc_column][\/vc_row][vc_row css=\u00bb.vc_custom_1511803829306{padding-bottom: 40px !important;}\u00bb][vc_column width=\u00bb1\/6&#8243;][\/vc_column][vc_column width=\u00bb2\/3&#8243;]<div class=\"aio-icon-component    style_2\"><div id=\"Info-box-wrap-2784\" class=\"aio-icon-box top-icon\" style=\"\"  ><div class=\"aio-icon-top\"><div class=\"ult-just-icon-wrapper  \"><div class=\"align-icon\" style=\"text-align:center;\">\n<div class=\"aio-icon none \" data-animation=\"fadeInUp\" data-animation-delay=\"03\" style=\"color:#a6ce39;font-size:48px;display:inline-block;\">\n\t<i class=\"Defaults-child\"><\/i>\n<\/div><\/div><\/div><\/div><div class=\"aio-icon-description ult-responsive\"  data-ultimate-target='#Info-box-wrap-2784 .aio-icon-description'  data-responsive-json-new='{\"font-size\":\"desktop:14px;\",\"line-height\":\"\"}'  style=\"color:#888f92;\">Nuestra Esencia es Servir, Ayudar a nuestros clientes.. Nuestra pasi\u00f3n es trabajar con los m\u00e1s altos est\u00e1ndares de exigencia.<\/div> <!-- description --><\/div> <!-- aio-icon-box --><\/div> <!-- aio-icon-component -->[\/vc_column][vc_column width=\u00bb1\/6&#8243;][\/vc_column][\/vc_row][\/vc_section][vc_row full_width=\u00bbstretch_row_content\u00bb bg_type=\u00bbu_iframe\u00bb u_video_url=\u00bbhttps:\/\/www.youtube.com\/watch?v=Qy1MBXki8q4&#8243; video_opts=\u00bbmuted\u00bb video_poster=\u00bbid^6366|url^https:\/\/24-7.mx\/wp-content\/uploads\/2020\/10\/22.png|caption^null|alt^null|title^22|description^null\u00bb viewport_vdo=\u00bbviewport_play\u00bb][vc_column width=\u00bb1\/6&#8243;][\/vc_column][vc_column width=\u00bb2\/3&#8243;][vc_empty_space height=\u00bb150px\u00bb][vc_column_text css_animation=\u00bbslideInUp\u00bb]<\/p>\n<h1 style=\"text-align: center; font-size: 3.5rem; line-height: 1.2em;\"><span style=\"color: #ffffff;\"><strong>Tenemos Tarifas especiales en los mejores Destinos y Cadenas Hoteleras<\/strong><\/span><\/h1>\n<p>[\/vc_column_text][vc_empty_space height=\u00bb150px\u00bb][\/vc_column][vc_column width=\u00bb1\/6&#8243;][\/vc_column][\/vc_row][vc_row full_width=\u00bbstretch_row\u00bb full_height=\u00bbyes\u00bb content_placement=\u00bbmiddle\u00bb css=\u00bb.vc_custom_1601678507463{padding-top: 15px !important;background-image: url(https:\/\/24-7.mx\/wp-content\/uploads\/2020\/10\/IMG_2164AFB5F5CC-1-1-scaled.jpeg?id=6381) !important;background-position: center !important;background-repeat: no-repeat !important;background-size: cover !important;}\u00bb el_id=\u00bbabout-us\u00bb][vc_column width=\u00bb1\/2&#8243; css=\u00bb.vc_custom_1486914399185{padding-right: 30% !important;}\u00bb][vc_column_text css_animation=\u00bbbounceIn\u00bb]<\/p>\n<h4 style=\"font-family: raleway; font-size: 18px; line-height: 45px; color: #676767;\"><em>\u00abEn Consorcio 24-7 tenemos la firme creencia que ante cualquier adversidad como la que estamos pasando siempre habr\u00e1 un lado positivo de todo, nuestro deseo es servir trabajando con Honestidad y Pasi\u00f3n\u2026 Son tiempos de ayuda y de apoyo para juntos salir adelante y devolver las fuentes de trabajo perdidas..\u00bb<\/em><\/h4>\n<p>[\/vc_column_text][vc_column_text css_animation=\u00bbbounceIn\u00bb]<strong>Consejo Directivo<\/strong>, Consorcio Tur\u00edstico 24\/7[\/vc_column_text][vc_btn title=\u00bbM\u00e1s Informaci\u00f3n\u00bb style=\u00bbcustom\u00bb custom_background=\u00bb#009fe3&#8243; custom_text=\u00bb#ffffff\u00bb shape=\u00bbsquare\u00bb size=\u00bblg\u00bb][\/vc_column][vc_column width=\u00bb1\/2&#8243;][\/vc_column][\/vc_row][vc_section full_width=\u00bbstretch_row\u00bb content_placement=\u00bbmiddle\u00bb css=\u00bb.vc_custom_1601678575013{background: rgba(10,10,10,0.54) url(https:\/\/24-7.mx\/wp-content\/uploads\/2020\/10\/1234-scaled.jpg?id=6382) !important;background-position: center !important;background-repeat: no-repeat !important;background-size: cover !important;*background-color: rgb(10,10,10) !important;}\u00bb][vc_row][vc_column width=\u00bb1\/6&#8243;][\/vc_column][vc_column width=\u00bb2\/3&#8243; css=\u00bb.vc_custom_1518890111800{padding-top: 25px !important;}\u00bb][vc_empty_space height=\u00bb50px\u00bb][vc_column_text css_animation=\u00bbslideInUp\u00bb]<\/p>\n<h2 style=\"text-align: center; font-size: 2rem; color: #fff;\"><\/h2>\n<h1 style=\"text-align: center; font-size: 3.5rem; color: rgba(255,255,255,0.9); line-height: 1.2em;\"><strong>Casos de \u00c9xito<\/strong><\/h1>\n<h1 style=\"text-align: center; font-size: 1.5rem; color: #fff;\"><\/h1>\n<p>[\/vc_column_text][vc_empty_space height=\u00bb50px\u00bb][\/vc_column][vc_column width=\u00bb1\/6&#8243;][\/vc_column][\/vc_row][vc_row css=\u00bb.vc_custom_1518890365597{padding-bottom: 60px !important;}\u00bb][vc_column width=\u00bb1\/3&#8243;][ve_counter checkicon=\u00bbicon\u00bb title_tag=\u00bbh3&#8243; css_animation=\u00bbbounceIn\u00bb title=\u00bbDesde\u00bb value=\u00bb2000&#8243; value_speed=\u00bb3000&#8243; value_interval=\u00bb1&#8243; icon=\u00bblinearicons-keyboard\u00bb title_color=\u00bb#ffffff\u00bb counter_size=\u00bb60px\u00bb counter_line_height=\u00bb60px\u00bb counter_color=\u00bb#ffffff\u00bb icon_size=\u00bb36px\u00bb icon_line_height=\u00bb90px\u00bb icon_color=\u00bb#ffffff\u00bb title_line_height=\u00bb30px\u00bb title_size=\u00bb12px\u00bb][\/vc_column][vc_column width=\u00bb1\/3&#8243;][ve_counter checkicon=\u00bbicon\u00bb title_tag=\u00bbh3&#8243; css_animation=\u00bbbounceIn\u00bb title=\u00bbClientes Satisfechos\u00bb value=\u00bb1000&#8243; value_speed=\u00bb3000&#8243; value_interval=\u00bb1&#8243; icon=\u00bblinearicons-heart\u00bb title_color=\u00bb#ffffff\u00bb counter_size=\u00bb60px\u00bb counter_line_height=\u00bb60px\u00bb counter_color=\u00bb#ffffff\u00bb icon_size=\u00bb36px\u00bb icon_line_height=\u00bb90px\u00bb icon_color=\u00bb#ffffff\u00bb title_line_height=\u00bb30px\u00bb title_size=\u00bb12px\u00bb][\/vc_column][vc_column width=\u00bb1\/3&#8243;][ve_counter checkicon=\u00bbicon\u00bb title_tag=\u00bbh3&#8243; css_animation=\u00bbbounceIn\u00bb title=\u00bbEventos Realizados\u00bb value=\u00bb300&#8243; value_speed=\u00bb3000&#8243; value_interval=\u00bb1&#8243; icon=\u00bblinearicons-user\u00bb title_color=\u00bb#ffffff\u00bb counter_size=\u00bb60px\u00bb counter_line_height=\u00bb60px\u00bb counter_color=\u00bb#ffffff\u00bb icon_size=\u00bb36px\u00bb icon_line_height=\u00bb90px\u00bb icon_color=\u00bb#ffffff\u00bb title_line_height=\u00bb30px\u00bb title_size=\u00bb12px\u00bb][\/vc_column][\/vc_row][\/vc_section][vc_row full_width=\u00bbstretch_row_content_no_spaces\u00bb content_placement=\u00bbmiddle\u00bb css=\u00bb.vc_custom_1601654575660{margin-top: 0px !important;margin-right: 0px !important;margin-bottom: 0px !important;margin-left: 0px !important;padding-top: 0px !important;padding-right: 0px !important;padding-bottom: 0px !important;padding-left: 0px !important;background-color: #f5f5f5 !important;}\u00bb el_id=\u00bbcontacto\u00bb][vc_column width=\u00bb1\/2&#8243; css=\u00bb.vc_custom_1486672331014{padding-top: 15% !important;padding-right: 15% !important;padding-bottom: 15% !important;padding-left: 15% !important;}\u00bb][vc_column_text css_animation=\u00bbbounceIn\u00bb animation_loading=\u00bbno\u00bb animation_loading_effects=\u00bbfade_in\u00bb]<\/p>\n<h3 style=\"color: #000000; text-align: center;\">Solicitar Cotizaci\u00f3n<\/h3>\n<p>[\/vc_column_text]\n<div class=\"wpcf7 no-js\" id=\"wpcf7-f7-o1\" lang=\"es-ES\" dir=\"ltr\" data-wpcf7-id=\"7\">\n<div class=\"screen-reader-response\"><p role=\"status\" aria-live=\"polite\" aria-atomic=\"true\"><\/p> <ul><\/ul><\/div>\n<form action=\"\/index.php?rest_route=%2Fwp%2Fv2%2Fpages%2F2115#wpcf7-f7-o1\" method=\"post\" class=\"wpcf7-form init\" aria-label=\"Formulario de contacto\" novalidate=\"novalidate\" data-status=\"init\">\n<fieldset class=\"hidden-fields-container\"><input type=\"hidden\" name=\"_wpcf7\" value=\"7\" \/><input type=\"hidden\" name=\"_wpcf7_version\" value=\"6.1.6\" \/><input type=\"hidden\" name=\"_wpcf7_locale\" value=\"es_ES\" \/><input type=\"hidden\" name=\"_wpcf7_unit_tag\" value=\"wpcf7-f7-o1\" \/><input type=\"hidden\" name=\"_wpcf7_container_post\" value=\"0\" \/><input type=\"hidden\" name=\"_wpcf7_posted_data_hash\" value=\"\" \/>\n<\/fieldset>\n<p><label> Nombre<br \/>\n<span class=\"wpcf7-form-control-wrap\" data-name=\"your-name\"><input size=\"40\" maxlength=\"400\" class=\"wpcf7-form-control wpcf7-text wpcf7-validates-as-required\" aria-required=\"true\" aria-invalid=\"false\" value=\"\" type=\"text\" name=\"your-name\" \/><\/span> <\/label>\n<\/p>\n<p><label> Empresa<br \/>\n<span class=\"wpcf7-form-control-wrap\" data-name=\"empresa\"><input size=\"40\" maxlength=\"400\" class=\"wpcf7-form-control wpcf7-text wpcf7-validates-as-required\" aria-required=\"true\" aria-invalid=\"false\" value=\"\" type=\"text\" name=\"empresa\" \/><\/span> <\/label>\n<\/p>\n<p><label> Tel\u00e9fono<br \/>\n<span class=\"wpcf7-form-control-wrap\" data-name=\"tel\"><input size=\"40\" maxlength=\"400\" class=\"wpcf7-form-control wpcf7-tel wpcf7-text wpcf7-validates-as-tel\" aria-invalid=\"false\" value=\"\" type=\"tel\" name=\"tel\" \/><\/span> <\/label>\n<\/p>\n<p><label> Correo Electr\u00f3nico<br \/>\n<span class=\"wpcf7-form-control-wrap\" data-name=\"your-email\"><input size=\"40\" maxlength=\"400\" class=\"wpcf7-form-control wpcf7-email wpcf7-validates-as-required wpcf7-text wpcf7-validates-as-email\" aria-required=\"true\" aria-invalid=\"false\" value=\"\" type=\"email\" name=\"your-email\" \/><\/span> <\/label>\n<\/p>\n<p><label> Comentarios en General<br \/>\n<span class=\"wpcf7-form-control-wrap\" data-name=\"your-message\"><textarea cols=\"40\" rows=\"10\" maxlength=\"2000\" class=\"wpcf7-form-control wpcf7-textarea\" aria-invalid=\"false\" name=\"your-message\"><\/textarea><\/span> <\/label>\n<\/p>\n<p><input class=\"wpcf7-form-control wpcf7-submit has-spinner\" type=\"submit\" value=\"Enviar\" \/>\n<\/p><p style=\"display: none !important;\" class=\"akismet-fields-container\" data-prefix=\"_wpcf7_ak_\"><label>&#916;<textarea name=\"_wpcf7_ak_hp_textarea\" cols=\"45\" rows=\"8\" maxlength=\"100\"><\/textarea><\/label><input type=\"hidden\" id=\"ak_js_1\" name=\"_wpcf7_ak_js\" value=\"243\"\/><script type=\"text\/javascript\">\n\/* <![CDATA[ *\/\ndocument.getElementById( \"ak_js_1\" ).setAttribute( \"value\", ( new Date() ).getTime() );\n\/* ]]> *\/\n<\/script>\n<\/p><div class=\"wpcf7-response-output\" aria-hidden=\"true\"><\/div>\n<\/form>\n<\/div>\n[vc_column_text css_animation=\u00bbbounceIn\u00bb animation_loading=\u00bbno\u00bb animation_loading_effects=\u00bbfade_in\u00bb]Av. Eugenio Garza Sada #3820, Torre<br \/>\nMicr\u00f3polis: Piso 8, Monterrey NL, CP 64780.<br \/>\nventas@24-7.mx<br \/>\noperaciones@24-7.mx<br \/>\n81 8018 6148<br \/>\n81 2140 3743<br \/>\n442 871 4933[\/vc_column_text][\/vc_column][vc_column width=\u00bb1\/2&#8243; css=\u00bb.vc_custom_1486672380007{padding-top: 0px !important;}\u00bb][vc_gmaps link=\u00bb#E-8_JTNDaWZyYW1lJTIwc3JjJTNEJTIyaHR0cHMlM0ElMkYlMkZ3d3cuZ29vZ2xlLmNvbSUyRm1hcHMlMkZlbWJlZCUzRnBiJTNEJTIxMW0xOCUyMTFtMTIlMjExbTMlMjExZDE3OTguNTYwOTk5OTAyODQ1NCUyMTJkLTEwMC4yODM3MDYxNjQxOTkxNiUyMTNkMjUuNjM0MDc2MTM3OTg3NzQ4JTIxMm0zJTIxMWYwJTIxMmYwJTIxM2YwJTIxM20yJTIxMWkxMDI0JTIxMmk3NjglMjE0ZjEzLjElMjEzbTMlMjExbTIlMjExczB4ODY2MmJmNjYyZGFkNTc3NSUyNTNBMHhmNWM0ZDRhMjI5MzBmYTk0JTIxMnNNaWNyJTI1QzMlMjVCM3BvbGlzJTIxNWUwJTIxM20yJTIxMXNlcyUyMTJzbXglMjE0djE2MDA3OTgwNzgwNzElMjE1bTIlMjExc2VzJTIxMnNteCUyMiUyMHdpZHRoJTNEJTIyNjAwJTIyJTIwaGVpZ2h0JTNEJTIyNDUwJTIyJTIwZnJhbWVib3JkZXIlM0QlMjIwJTIyJTIwc3R5bGUlM0QlMjJib3JkZXIlM0EwJTNCJTIyJTIwYWxsb3dmdWxsc2NyZWVuJTNEJTIyJTIyJTIwYXJpYS1oaWRkZW4lM0QlMjJmYWxzZSUyMiUyMHRhYmluZGV4JTNEJTIyMCUyMiUzRSUzQyUyRmlmcmFtZSUzRQ==\u00bb size=\u00bb1000&#8243; css_animation=\u00bbbounceIn\u00bb css=\u00bb.vc_custom_1600798115896{margin-top: 0px !important;margin-right: 0px !important;margin-bottom: 0px !important;margin-left: 0px !important;padding-top: 0px !important;padding-right: 0px !important;padding-bottom: 0px !important;padding-left: 0px !important;}\u00bb][\/vc_column][\/vc_row]<\/p>\n<\/section>","protected":false},"excerpt":{"rendered":"<p class=\"card-text\">[vc_row full_width=\u00bbstretch_row\u00bb css=\u00bb.vc_custom_1601654533542{background-color: #f5f5f5 !important;background-position: center !important;background-repeat: no-repeat !important;background-size: cover !important;}\u00bb el_id=\u00bbnosotros\u00bb][vc_column width=\u00bb1\/6&#8243;][\/vc_column][vc_column width=\u00bb2\/3&#8243;][vc_empty_space height=\u00bb50px\u00bb][vc_column_text css_animation=\u00bbnone\u00bb] \u00bfQui\u00e9nes Somos? [\/vc_column_text][vc_column_text css_animation=\u00bbnone\u00bb] Somos una empresa Mexicana, integrada por un grupo de Profesionales dedicada a SERVIR y ASESORAR a nuestros clientes 24\/7. Nos mueve la PASI\u00d3N por lo que hacemos y lo traducimos en CLIENTES SATISFECHOS. Tenemos Procesos [&#8230;]<\/p>\n<p class=\"m-0\"><a class=\"btn btn-outline-secondary btn-read-more\" href=\"https:\/\/24-7.mx\/\">Read More<\/a><\/p>\n","protected":false},"author":1,"featured_media":0,"parent":0,"menu_order":0,"comment_status":"closed","ping_status":"closed","template":"","meta":{"_joinchat":[],"footnotes":""},"class_list":["post-2115","page","type-page","status-publish","hentry"],"_links":{"self":[{"href":"https:\/\/24-7.mx\/index.php?rest_route=\/wp\/v2\/pages\/2115","targetHints":{"allow":["GET"]}}],"collection":[{"href":"https:\/\/24-7.mx\/index.php?rest_route=\/wp\/v2\/pages"}],"about":[{"href":"https:\/\/24-7.mx\/index.php?rest_route=\/wp\/v2\/types\/page"}],"author":[{"embeddable":true,"href":"https:\/\/24-7.mx\/index.php?rest_route=\/wp\/v2\/users\/1"}],"replies":[{"embeddable":true,"href":"https:\/\/24-7.mx\/index.php?rest_route=%2Fwp%2Fv2%2Fcomments&post=2115"}],"version-history":[{"count":78,"href":"https:\/\/24-7.mx\/index.php?rest_route=\/wp\/v2\/pages\/2115\/revisions"}],"predecessor-version":[{"id":6418,"href":"https:\/\/24-7.mx\/index.php?rest_route=\/wp\/v2\/pages\/2115\/revisions\/6418"}],"wp:attachment":[{"href":"https:\/\/24-7.mx\/index.php?rest_route=%2Fwp%2Fv2%2Fmedia&parent=2115"}],"curies":[{"name":"wp","href":"https:\/\/api.w.org\/{rel}","templated":true}]}}